{"id":3933,"date":"2019-02-11T15:45:59","date_gmt":"2019-02-11T15:45:59","guid":{"rendered":"http:\/\/thomascooper.com.ec\/?page_id=3933"},"modified":"2019-06-19T21:56:48","modified_gmt":"2019-06-19T21:56:48","slug":"acerca-de-nosotros-2","status":"publish","type":"page","link":"https:\/\/thomascooper.com.ec\/?page_id=3933","title":{"rendered":"Acerca de Nosotros"},"content":{"rendered":"\t\t<div data-elementor-type=\"wp-post\" data-elementor-id=\"3933\" class=\"elementor elementor-3933 elementor-bc-flex-widget\">\n\t\t\t\t\t\t<section class=\"elementor-section elementor-top-section elementor-element elementor-element-e91c4ce elementor-section-stretched elementor-section-boxed elementor-section-height-default elementor-section-height-default\" data-id=\"e91c4ce\" data-element_type=\"section\" data-settings=\"{&quot;stretch_section&quot;:&quot;section-stretched&quot;}\">\n\t\t\t\t\t\t<div class=\"elementor-container elementor-column-gap-default\">\n\t\t\t\t\t<div class=\"elementor-column elementor-col-100 elementor-top-column elementor-element elementor-element-e0a6708\" data-id=\"e0a6708\" data-element_type=\"column\">\n\t\t\t<div class=\"elementor-widget-wrap elementor-element-populated\">\n\t\t\t\t\t\t<div class=\"elementor-element elementor-element-19da8b3 elementor-invisible elementor-widget elementor-widget-image\" data-id=\"19da8b3\" data-element_type=\"widget\" data-settings=\"{&quot;_animation&quot;:&quot;fadeInRight&quot;}\" data-widget_type=\"image.default\">\n\t\t\t\t<div class=\"elementor-widget-container\">\n\t\t\t\t\t\t\t\t\t\t\t\t\t<img fetchpriority=\"high\" decoding=\"async\" width=\"1000\" height=\"666\" src=\"https:\/\/thomascooper.com.ec\/wp-content\/uploads\/2019\/06\/coaching-ejecutivo-lider-equipos.jpg\" class=\"attachment-large size-large wp-image-4259\" alt=\"\" srcset=\"https:\/\/thomascooper.com.ec\/wp-content\/uploads\/2019\/06\/coaching-ejecutivo-lider-equipos.jpg 1000w, https:\/\/thomascooper.com.ec\/wp-content\/uploads\/2019\/06\/coaching-ejecutivo-lider-equipos-300x200.jpg 300w, https:\/\/thomascooper.com.ec\/wp-content\/uploads\/2019\/06\/coaching-ejecutivo-lider-equipos-768x511.jpg 768w, https:\/\/thomascooper.com.ec\/wp-content\/uploads\/2019\/06\/coaching-ejecutivo-lider-equipos-800x533.jpg 800w\" sizes=\"(max-width: 1000px) 100vw, 1000px\" \/>\t\t\t\t\t\t\t\t\t\t\t\t\t<\/div>\n\t\t\t\t<\/div>\n\t\t\t\t<div class=\"elementor-element elementor-element-b12b877 elementor-invisible elementor-widget elementor-widget-text-editor\" data-id=\"b12b877\" data-element_type=\"widget\" data-settings=\"{&quot;_animation&quot;:&quot;fadeInRight&quot;}\" data-widget_type=\"text-editor.default\">\n\t\t\t\t<div class=\"elementor-widget-container\">\n\t\t\t\t\t\t\t<p><strong>ACERCA DE NOSOTROS<\/strong><\/p><p>Contamos con aproximadamente 35 a\u00f1os de experiencia.<\/p><p>Con socios \u00a0nacionales y extranjeros residentes en el pa\u00eds, de reconocida trayectoria en seguros y, otras actividades en diferentes pa\u00edses, lo que nos permite avizorar un panorama con mayor horizonte de perspectivas.<\/p>\t\t\t\t\t\t<\/div>\n\t\t\t\t<\/div>\n\t\t\t\t<div class=\"elementor-element elementor-element-0834ba2 elementor-widget elementor-widget-spacer\" data-id=\"0834ba2\" data-element_type=\"widget\" data-widget_type=\"spacer.default\">\n\t\t\t\t<div class=\"elementor-widget-container\">\n\t\t\t\t\t<div class=\"elementor-spacer\">\n\t\t\t<div class=\"elementor-spacer-inner\"><\/div>\n\t\t<\/div>\n\t\t\t\t<\/div>\n\t\t\t\t<\/div>\n\t\t\t\t\t<\/div>\n\t\t<\/div>\n\t\t\t\t\t<\/div>\n\t\t<\/section>\n\t\t\t\t<section class=\"elementor-section elementor-top-section elementor-element elementor-element-b7280f3 elementor-section-boxed elementor-section-height-default elementor-section-height-default\" data-id=\"b7280f3\" data-element_type=\"section\">\n\t\t\t\t\t\t<div class=\"elementor-container elementor-column-gap-default\">\n\t\t\t\t\t<div class=\"elementor-column elementor-col-25 elementor-top-column elementor-element elementor-element-ab07725\" data-id=\"ab07725\" data-element_type=\"column\">\n\t\t\t<div class=\"elementor-widget-wrap elementor-element-populated\">\n\t\t\t\t\t\t<div class=\"elementor-element elementor-element-56ca0ab elementor-view-default elementor-position-top elementor-mobile-position-top elementor-invisible elementor-widget elementor-widget-icon-box\" data-id=\"56ca0ab\" data-element_type=\"widget\" data-settings=\"{&quot;_animation&quot;:&quot;fadeInDown&quot;}\" data-widget_type=\"icon-box.default\">\n\t\t\t\t<div class=\"elementor-widget-container\">\n\t\t\t\t\t<div class=\"elementor-icon-box-wrapper\">\n\t\t\t\t\t\t<div class=\"elementor-icon-box-icon\">\n\t\t\t\t<span  class=\"elementor-icon elementor-animation-\">\n\t\t\t\t<i class=\"fa fa-check\" aria-hidden=\"true\"><\/i>\t\t\t\t<\/span>\n\t\t\t<\/div>\n\t\t\t\t\t\t<div class=\"elementor-icon-box-content\">\n\t\t\t\t<h3 class=\"elementor-icon-box-title\">\n\t\t\t\t\t<span  >\n\t\t\t\t\t\tIntegridad\t\t\t\t\t<\/span>\n\t\t\t\t<\/h3>\n\t\t\t\t\t\t\t\t\t<p class=\"elementor-icon-box-description\">\n\t\t\t\t\t\tIntegridad, fuerza y la estabilidad con los m\u00e1s altos est\u00e1ndares \u00e9ticos.\t\t\t\t\t<\/p>\n\t\t\t\t\t\t\t<\/div>\n\t\t<\/div>\n\t\t\t\t<\/div>\n\t\t\t\t<\/div>\n\t\t\t\t\t<\/div>\n\t\t<\/div>\n\t\t\t\t<div class=\"elementor-column elementor-col-25 elementor-top-column elementor-element elementor-element-026f9d5\" data-id=\"026f9d5\" data-element_type=\"column\">\n\t\t\t<div class=\"elementor-widget-wrap elementor-element-populated\">\n\t\t\t\t\t\t<div class=\"elementor-element elementor-element-ef56d87 elementor-view-default elementor-position-top elementor-mobile-position-top elementor-invisible elementor-widget elementor-widget-icon-box\" data-id=\"ef56d87\" data-element_type=\"widget\" data-settings=\"{&quot;_animation&quot;:&quot;fadeInDown&quot;}\" data-widget_type=\"icon-box.default\">\n\t\t\t\t<div class=\"elementor-widget-container\">\n\t\t\t\t\t<div class=\"elementor-icon-box-wrapper\">\n\t\t\t\t\t\t<div class=\"elementor-icon-box-icon\">\n\t\t\t\t<span  class=\"elementor-icon elementor-animation-\">\n\t\t\t\t<i class=\"fa fa-thumbs-up\" aria-hidden=\"true\"><\/i>\t\t\t\t<\/span>\n\t\t\t<\/div>\n\t\t\t\t\t\t<div class=\"elementor-icon-box-content\">\n\t\t\t\t<h3 class=\"elementor-icon-box-title\">\n\t\t\t\t\t<span  >\n\t\t\t\t\t\tConfianza\t\t\t\t\t<\/span>\n\t\t\t\t<\/h3>\n\t\t\t\t\t\t\t\t\t<p class=\"elementor-icon-box-description\">\n\t\t\t\t\t\tEn un entorno de continua innovaci\u00f3n, asume los riesgos necesarios para obtener buenos resultados, pero manteniendo en todo momento una plena integridad y responsabilidad \u00e9tica, as\u00ed como un estricto cumplimiento de los m\u00e1s altos est\u00e1ndares de calidad.\t\t\t\t\t<\/p>\n\t\t\t\t\t\t\t<\/div>\n\t\t<\/div>\n\t\t\t\t<\/div>\n\t\t\t\t<\/div>\n\t\t\t\t\t<\/div>\n\t\t<\/div>\n\t\t\t\t<div class=\"elementor-column elementor-col-25 elementor-top-column elementor-element elementor-element-2d95bd0\" data-id=\"2d95bd0\" data-element_type=\"column\">\n\t\t\t<div class=\"elementor-widget-wrap elementor-element-populated\">\n\t\t\t\t\t\t<div class=\"elementor-element elementor-element-1413ac9 elementor-view-default elementor-position-top elementor-mobile-position-top elementor-invisible elementor-widget elementor-widget-icon-box\" data-id=\"1413ac9\" data-element_type=\"widget\" data-settings=\"{&quot;_animation&quot;:&quot;fadeInDown&quot;}\" data-widget_type=\"icon-box.default\">\n\t\t\t\t<div class=\"elementor-widget-container\">\n\t\t\t\t\t<div class=\"elementor-icon-box-wrapper\">\n\t\t\t\t\t\t<div class=\"elementor-icon-box-icon\">\n\t\t\t\t<span  class=\"elementor-icon elementor-animation-\">\n\t\t\t\t<i class=\"fa fa-users\" aria-hidden=\"true\"><\/i>\t\t\t\t<\/span>\n\t\t\t<\/div>\n\t\t\t\t\t\t<div class=\"elementor-icon-box-content\">\n\t\t\t\t<h3 class=\"elementor-icon-box-title\">\n\t\t\t\t\t<span  >\n\t\t\t\t\t\tColoboraci\u00f3n\t\t\t\t\t<\/span>\n\t\t\t\t<\/h3>\n\t\t\t\t\t\t\t\t\t<p class=\"elementor-icon-box-description\">\n\t\t\t\t\t\tLa compa\u00f1\u00eda mantiene un alto nivel de comunicaci\u00f3n entre sus integrantes, sea cual sea su nivel dentro de la organizaci\u00f3n. Desde la direcci\u00f3n se hace part\u00edcipes a todos los colaboradores de los objetivos, estrategias, innovaciones y resultados de la empresa.\t\t\t\t\t<\/p>\n\t\t\t\t\t\t\t<\/div>\n\t\t<\/div>\n\t\t\t\t<\/div>\n\t\t\t\t<\/div>\n\t\t\t\t\t<\/div>\n\t\t<\/div>\n\t\t\t\t<div class=\"elementor-column elementor-col-25 elementor-top-column elementor-element elementor-element-3c6f48a\" data-id=\"3c6f48a\" data-element_type=\"column\">\n\t\t\t<div class=\"elementor-widget-wrap elementor-element-populated\">\n\t\t\t\t\t\t<div class=\"elementor-element elementor-element-64c0bb5 elementor-view-default elementor-position-top elementor-mobile-position-top elementor-invisible elementor-widget elementor-widget-icon-box\" data-id=\"64c0bb5\" data-element_type=\"widget\" data-settings=\"{&quot;_animation&quot;:&quot;fadeInDown&quot;}\" data-widget_type=\"icon-box.default\">\n\t\t\t\t<div class=\"elementor-widget-container\">\n\t\t\t\t\t<div class=\"elementor-icon-box-wrapper\">\n\t\t\t\t\t\t<div class=\"elementor-icon-box-icon\">\n\t\t\t\t<span  class=\"elementor-icon elementor-animation-\">\n\t\t\t\t<i class=\"fa fa-star\" aria-hidden=\"true\"><\/i>\t\t\t\t<\/span>\n\t\t\t<\/div>\n\t\t\t\t\t\t<div class=\"elementor-icon-box-content\">\n\t\t\t\t<h3 class=\"elementor-icon-box-title\">\n\t\t\t\t\t<span  >\n\t\t\t\t\t\tCalidad\t\t\t\t\t<\/span>\n\t\t\t\t<\/h3>\n\t\t\t\t\t\t\t\t\t<p class=\"elementor-icon-box-description\">\n\t\t\t\t\t\tContamos con servicios de excelente calidad. \t\t\t\t\t<\/p>\n\t\t\t\t\t\t\t<\/div>\n\t\t<\/div>\n\t\t\t\t<\/div>\n\t\t\t\t<\/div>\n\t\t\t\t\t<\/div>\n\t\t<\/div>\n\t\t\t\t\t<\/div>\n\t\t<\/section>\n\t\t\t\t<\/div>\n\t\t","protected":false},"excerpt":{"rendered":"<p>ACERCA DE NOSOTROS Contamos con aproximadamente 35 a\u00f1os de experiencia. Con socios \u00a0nacionales y extranjeros residentes en el pa\u00eds, de reconocida trayectoria en seguros y, otras actividades en diferentes pa\u00edses, lo que nos permite avizorar un panorama con mayor horizonte de perspectivas. Integridad Integridad, fuerza y la estabilidad con los m\u00e1s altos est\u00e1ndares \u00e9ticos. Confianza En un entorno de continua innovaci\u00f3n, asume los riesgos necesarios para obtener buenos resultados, pero manteniendo en todo momento una plena integridad y responsabilidad \u00e9tica, as\u00ed como un estricto cumplimiento de los m\u00e1s altos est\u00e1ndares de calidad. Coloboraci\u00f3n La compa\u00f1\u00eda mantiene un alto nivel de comunicaci\u00f3n entre sus integrantes, sea cual sea su nivel dentro de la organizaci\u00f3n. Desde la direcci\u00f3n se hace part\u00edcipes a todos los colaboradores de los objetivos, estrategias, innovaciones y resultados de la empresa. Calidad Contamos con servicios de excelente calidad.<\/p>\n","protected":false},"author":1,"featured_media":0,"parent":0,"menu_order":0,"comment_status":"closed","ping_status":"closed","template":"elementor_header_footer","meta":{"footnotes":""},"_links":{"self":[{"href":"https:\/\/thomascooper.com.ec\/index.php?rest_route=\/wp\/v2\/pages\/3933"}],"collection":[{"href":"https:\/\/thomascooper.com.ec\/index.php?rest_route=\/wp\/v2\/pages"}],"about":[{"href":"https:\/\/thomascooper.com.ec\/index.php?rest_route=\/wp\/v2\/types\/page"}],"author":[{"embeddable":true,"href":"https:\/\/thomascooper.com.ec\/index.php?rest_route=\/wp\/v2\/users\/1"}],"replies":[{"embeddable":true,"href":"https:\/\/thomascooper.com.ec\/index.php?rest_route=%2Fwp%2Fv2%2Fcomments&post=3933"}],"version-history":[{"count":27,"href":"https:\/\/thomascooper.com.ec\/index.php?rest_route=\/wp\/v2\/pages\/3933\/revisions"}],"predecessor-version":[{"id":4260,"href":"https:\/\/thomascooper.com.ec\/index.php?rest_route=\/wp\/v2\/pages\/3933\/revisions\/4260"}],"wp:attachment":[{"href":"https:\/\/thomascooper.com.ec\/index.php?rest_route=%2Fwp%2Fv2%2Fmedia&parent=3933"}],"curies":[{"name":"wp","href":"https:\/\/api.w.org\/{rel}","templated":true}]}}